{"id":605,"date":"2024-02-12T03:23:37","date_gmt":"2024-02-12T03:23:37","guid":{"rendered":"https:\/\/clinicasnovastetic.com\/?post_type=product&#038;p=605"},"modified":"2024-04-04T12:16:16","modified_gmt":"2024-04-04T12:16:16","slug":"maderoterapia","status":"publish","type":"product","link":"https:\/\/clinicasnovastetic.com\/index.php\/producto\/maderoterapia\/","title":{"rendered":"MADEROTERAPIA"},"content":{"rendered":"<p>[et_pb_section fb_built=\u00bb1&#8243; _builder_version=\u00bb4.16&#8243; custom_padding=\u00bb0px||||false|false\u00bb global_colors_info=\u00bb{}\u00bb][et_pb_row _builder_version=\u00bb4.16&#8243; background_size=\u00bbinitial\u00bb background_position=\u00bbtop_left\u00bb background_repeat=\u00bbrepeat\u00bb width=\u00bb100%\u00bb custom_padding=\u00bb0px||0px||false|false\u00bb global_colors_info=\u00bb{}\u00bb][et_pb_column type=\u00bb4_4&#8243; _builder_version=\u00bb4.16&#8243; custom_padding=\u00bb|||\u00bb global_colors_info=\u00bb{}\u00bb custom_padding__hover=\u00bb|||\u00bb][et_pb_wc_cart_notice _builder_version=\u00bb4.16&#8243; global_colors_info=\u00bb{}\u00bb][\/et_pb_wc_cart_notice][et_pb_wc_breadcrumb _builder_version=\u00bb4.24.0&#8243; body_font=\u00bbDM Serif Display|||on|||||\u00bb global_colors_info=\u00bb{}\u00bb][\/et_pb_wc_breadcrumb][\/et_pb_column][\/et_pb_row][et_pb_row _builder_version=\u00bb4.24.0&#8243; _module_preset=\u00bbdefault\u00bb custom_margin=\u00bb|auto||3px||\u00bb global_colors_info=\u00bb{}\u00bb][et_pb_column type=\u00bb4_4&#8243; _builder_version=\u00bb4.24.0&#8243; _module_preset=\u00bbdefault\u00bb global_colors_info=\u00bb{}\u00bb][et_pb_wc_title _builder_version=\u00bb4.24.0&#8243; header_font=\u00bbDM Serif Display||||||||\u00bb global_colors_info=\u00bb{}\u00bb][\/et_pb_wc_title][\/et_pb_column][\/et_pb_row][et_pb_row column_structure=\u00bb1_2,1_2&#8243; _builder_version=\u00bb4.16&#8243; background_size=\u00bbinitial\u00bb background_position=\u00bbtop_left\u00bb background_repeat=\u00bbrepeat\u00bb width=\u00bb100%\u00bb custom_padding=\u00bb0px||||false|false\u00bb global_colors_info=\u00bb{}\u00bb][et_pb_column type=\u00bb1_2&#8243; _builder_version=\u00bb4.16&#8243; custom_padding=\u00bb|||\u00bb global_colors_info=\u00bb{}\u00bb custom_padding__hover=\u00bb|||\u00bb][et_pb_text _builder_version=\u00bb4.24.0&#8243; _module_preset=\u00bbdefault\u00bb text_font=\u00bbDM Serif Display|700||on|||||\u00bb text_text_color=\u00bb#000000&#8243; text_font_size=\u00bb20px\u00bb custom_margin=\u00bb||5px|||\u00bb global_colors_info=\u00bb{}\u00bb]\u00bfQu\u00e9 es?<br \/>\n[\/et_pb_text][et_pb_text _builder_version=\u00bb4.24.0&#8243; _module_preset=\u00bbdefault\u00bb text_font_size=\u00bb18px\u00bb custom_margin=\u00bb-1px|||||\u00bb global_colors_info=\u00bb{}\u00bb]<\/p>\n<p>Es una t\u00e9cnica aplicable en todo el cuerpo que consiste en realizar una serie de masajes utilizando unos elementos de madera creados concretamente para ejecutar dicha terapia.<\/p>\n<p>[\/et_pb_text][et_pb_text _builder_version=\u00bb4.24.0&#8243; _module_preset=\u00bbdefault\u00bb text_font=\u00bbDM Serif Display|700||on|||||\u00bb text_text_color=\u00bb#000000&#8243; text_font_size=\u00bb20px\u00bb custom_margin=\u00bb||5px|||\u00bb global_colors_info=\u00bb{}\u00bb]\u00bfQu\u00e9 conseguimos?<br \/>\n[\/et_pb_text][et_pb_text _builder_version=\u00bb4.24.0&#8243; _module_preset=\u00bbdefault\u00bb text_font_size=\u00bb18px\u00bb custom_margin=\u00bb-1px|||||\u00bb global_colors_info=\u00bb{}\u00bb]<\/p>\n<p>Drenar la adiposidad localizada, con el objetivo de reafirmar y tonificar diferentes partes del cuerpo. Tratar celulitis, estr\u00e9s y contracturas.<\/p>\n<p>[\/et_pb_text][et_pb_blurb title=\u00bbSesiones Recomendadas\u00bb use_icon=\u00bbon\u00bb font_icon=\u00bb&#xf48e;||fa||900&#8243; icon_color=\u00bb#B3913E\u00bb icon_placement=\u00bbleft\u00bb _builder_version=\u00bb4.24.0&#8243; _module_preset=\u00bbdefault\u00bb header_font=\u00bbDM Serif Display|700||on|||||\u00bb body_font=\u00bb|600|||||||\u00bb global_colors_info=\u00bb{}\u00bb]<\/p>\n<p>Entre 5 y 10 sesiones. Y la frecuencia es de dos veces a la semana. .<\/p>\n<p>[\/et_pb_blurb][et_pb_blurb title=\u00bbrESULTADOS\u00bb use_icon=\u00bbon\u00bb font_icon=\u00bb&#xe05c;||fa||900&#8243; icon_color=\u00bb#B3913E\u00bb icon_placement=\u00bbleft\u00bb _builder_version=\u00bb4.24.0&#8243; _module_preset=\u00bbdefault\u00bb header_font=\u00bbDM Serif Display|700||on|||||\u00bb body_font=\u00bb|600|||||||\u00bb hover_enabled=\u00bb0&#8243; global_colors_info=\u00bb{}\u00bb sticky_enabled=\u00bb0&#8243;]<\/p>\n<p>Se puede notar sus efectos a partir de la tercera sesi\u00f3n.\u00a0<\/p>\n<p>[\/et_pb_blurb][et_pb_blurb title=\u00bbIndicado Para\u00bb use_icon=\u00bbon\u00bb font_icon=\u00bb&#xf0f0;||fa||900&#8243; icon_color=\u00bb#B3913E\u00bb icon_placement=\u00bbleft\u00bb _builder_version=\u00bb4.24.0&#8243; _module_preset=\u00bbdefault\u00bb header_font=\u00bbDM Serif Display|700||on|||||\u00bb body_font=\u00bb|600|||||||\u00bb global_colors_info=\u00bb{}\u00bb]<\/p>\n<p>Quienes desean perder grasa localizada,<br \/>tonificar su cuerpo, o reducir la piel de naranja<\/p>\n<p>[\/et_pb_blurb][et_pb_blurb title=\u00bbTiempo de Sesi\u00f3n \u00bb use_icon=\u00bbon\u00bb font_icon=\u00bb&#xe06b;||divi||400&#8243; icon_color=\u00bb#B3913E\u00bb icon_placement=\u00bbleft\u00bb _builder_version=\u00bb4.24.0&#8243; _module_preset=\u00bbdefault\u00bb header_font=\u00bbDM Serif Display|700||on|||||\u00bb body_font=\u00bb|600|||||||\u00bb global_colors_info=\u00bb{}\u00bb]<\/p>\n<p>60 minutos.<\/p>\n<p>[\/et_pb_blurb][\/et_pb_column][et_pb_column type=\u00bb1_2&#8243; _builder_version=\u00bb4.16&#8243; custom_padding=\u00bb|||\u00bb global_colors_info=\u00bb{}\u00bb custom_padding__hover=\u00bb|||\u00bb][et_pb_wc_images _builder_version=\u00bb4.16&#8243; global_colors_info=\u00bb{}\u00bb][\/et_pb_wc_images][et_pb_wc_rating _builder_version=\u00bb4.24.0&#8243; rating_text_color=\u00bb#B3913E\u00bb global_colors_info=\u00bb{}\u00bb][\/et_pb_wc_rating][et_pb_wc_price _builder_version=\u00bb4.16&#8243; global_colors_info=\u00bb{}\u00bb][\/et_pb_wc_price][et_pb_wc_add_to_cart _builder_version=\u00bb4.16&#8243; global_colors_info=\u00bb{}\u00bb][\/et_pb_wc_add_to_cart][et_pb_wc_meta _builder_version=\u00bb4.24.0&#8243; link_font=\u00bb|700|||||||\u00bb link_text_color=\u00bb#B3913E\u00bb global_colors_info=\u00bb{}\u00bb][\/et_pb_wc_meta][\/et_pb_column][\/et_pb_row][et_pb_row _builder_version=\u00bb4.24.0&#8243; _module_preset=\u00bbdefault\u00bb width=\u00bb100%\u00bb max_width=\u00bb1300px\u00bb global_colors_info=\u00bb{}\u00bb][et_pb_column type=\u00bb4_4&#8243; _builder_version=\u00bb4.24.0&#8243; _module_preset=\u00bbdefault\u00bb global_colors_info=\u00bb{}\u00bb][et_pb_wc_upsells _builder_version=\u00bb4.16&#8243; global_colors_info=\u00bb{}\u00bb][\/et_pb_wc_upsells][et_pb_wc_related_products _builder_version=\u00bb4.24.0&#8243; title_font=\u00bb|700|||||||\u00bb title_font_size=\u00bb20px\u00bb product_title_font_size=\u00bb18px\u00bb global_colors_info=\u00bb{}\u00bb][\/et_pb_wc_related_products][\/et_pb_column][\/et_pb_row][\/et_pb_section]<\/p>\n","protected":false},"excerpt":{"rendered":"<p><strong>\u00bfQu\u00e9 es?<\/strong><br \/>\nTratamiento que se realiza con toxinas<br \/>\npurificadas que producen una relajaci\u00f3n<br \/>\ntemporal del m\u00fasculo.<\/p>\n<p><strong>\u00bfPara qu\u00e9 sirve?<\/strong><br \/>\nSe utilizan para suavizar arrugas en la cara<br \/>\n(frente, en el entrecejo y las patas de gallo)<\/p>\n","protected":false},"featured_media":607,"comment_status":"closed","ping_status":"closed","template":"","meta":{"_et_pb_use_builder":"on","_et_pb_old_content":"","_et_gb_content_width":"","_joinchat":[]},"product_cat":[24],"product_tag":[],"class_list":{"0":"post-605","1":"product","2":"type-product","3":"status-publish","4":"has-post-thumbnail","6":"product_cat-tratamientos-corporales","8":"first","9":"instock","10":"shipping-taxable","11":"product-type-simple"},"yoast_head":"<!-- This site is optimized with the Yoast SEO plugin v21.9.1 - https:\/\/yoast.com\/wordpress\/plugins\/seo\/ -->\n<title>MADEROTERAPIA - Clinicas Novastetic<\/title>\n<meta name=\"robots\" content=\"index, follow, max-snippet:-1, max-image-preview:large, max-video-preview:-1\" \/>\n<link rel=\"canonical\" href=\"https:\/\/clinicasnovastetic.com\/index.php\/producto\/maderoterapia\/\" \/>\n<meta property=\"og:locale\" content=\"es_ES\" \/>\n<meta property=\"og:type\" content=\"article\" \/>\n<meta property=\"og:title\" content=\"MADEROTERAPIA - Clinicas Novastetic\" \/>\n<meta property=\"og:description\" content=\"\u00bfQu\u00e9 es? Tratamiento que se realiza con toxinas purificadas que producen una relajaci\u00f3n temporal del m\u00fasculo.  \u00bfPara qu\u00e9 sirve? Se utilizan para suavizar arrugas en la cara (frente, en el entrecejo y las patas de gallo)\" \/>\n<meta property=\"og:url\" content=\"https:\/\/clinicasnovastetic.com\/index.php\/producto\/maderoterapia\/\" \/>\n<meta property=\"og:site_name\" content=\"Clinicas Novastetic\" \/>\n<meta property=\"article:modified_time\" content=\"2024-04-04T12:16:16+00:00\" \/>\n<meta property=\"og:image\" content=\"https:\/\/clinicasnovastetic.com\/wp-content\/uploads\/2024\/02\/MADEROTERAPIA.jpg\" \/>\n\t<meta property=\"og:image:width\" content=\"800\" \/>\n\t<meta property=\"og:image:height\" content=\"800\" \/>\n\t<meta property=\"og:image:type\" content=\"image\/jpeg\" \/>\n<meta name=\"twitter:card\" content=\"summary_large_image\" \/>\n<meta name=\"twitter:label1\" content=\"Tiempo de lectura\" \/>\n\t<meta name=\"twitter:data1\" content=\"2 minutos\" \/>\n<script type=\"application\/ld+json\" class=\"yoast-schema-graph\">{\"@context\":\"https:\/\/schema.org\",\"@graph\":[{\"@type\":\"WebPage\",\"@id\":\"https:\/\/clinicasnovastetic.com\/index.php\/producto\/maderoterapia\/\",\"url\":\"https:\/\/clinicasnovastetic.com\/index.php\/producto\/maderoterapia\/\",\"name\":\"MADEROTERAPIA - Clinicas Novastetic\",\"isPartOf\":{\"@id\":\"https:\/\/clinicasnovastetic.com\/#website\"},\"datePublished\":\"2024-02-12T03:23:37+00:00\",\"dateModified\":\"2024-04-04T12:16:16+00:00\",\"breadcrumb\":{\"@id\":\"https:\/\/clinicasnovastetic.com\/index.php\/producto\/maderoterapia\/#breadcrumb\"},\"inLanguage\":\"es\",\"potentialAction\":[{\"@type\":\"ReadAction\",\"target\":[\"https:\/\/clinicasnovastetic.com\/index.php\/producto\/maderoterapia\/\"]}]},{\"@type\":\"BreadcrumbList\",\"@id\":\"https:\/\/clinicasnovastetic.com\/index.php\/producto\/maderoterapia\/#breadcrumb\",\"itemListElement\":[{\"@type\":\"ListItem\",\"position\":1,\"name\":\"Portada\",\"item\":\"https:\/\/clinicasnovastetic.com\/\"},{\"@type\":\"ListItem\",\"position\":2,\"name\":\"Tienda\",\"item\":\"https:\/\/clinicasnovastetic.com\/index.php\/tienda\/\"},{\"@type\":\"ListItem\",\"position\":3,\"name\":\"MADEROTERAPIA\"}]},{\"@type\":\"WebSite\",\"@id\":\"https:\/\/clinicasnovastetic.com\/#website\",\"url\":\"https:\/\/clinicasnovastetic.com\/\",\"name\":\"Clinicas Novastetic\",\"description\":\"Medicina Est\u00e9tica Avanzada\",\"potentialAction\":[{\"@type\":\"SearchAction\",\"target\":{\"@type\":\"EntryPoint\",\"urlTemplate\":\"https:\/\/clinicasnovastetic.com\/?s={search_term_string}\"},\"query-input\":\"required name=search_term_string\"}],\"inLanguage\":\"es\"}]}<\/script>\n<!-- \/ Yoast SEO plugin. -->","yoast_head_json":{"title":"MADEROTERAPIA - Clinicas Novastetic","robots":{"index":"index","follow":"follow","max-snippet":"max-snippet:-1","max-image-preview":"max-image-preview:large","max-video-preview":"max-video-preview:-1"},"canonical":"https:\/\/clinicasnovastetic.com\/index.php\/producto\/maderoterapia\/","og_locale":"es_ES","og_type":"article","og_title":"MADEROTERAPIA - Clinicas Novastetic","og_description":"\u00bfQu\u00e9 es? Tratamiento que se realiza con toxinas purificadas que producen una relajaci\u00f3n temporal del m\u00fasculo.  \u00bfPara qu\u00e9 sirve? Se utilizan para suavizar arrugas en la cara (frente, en el entrecejo y las patas de gallo)","og_url":"https:\/\/clinicasnovastetic.com\/index.php\/producto\/maderoterapia\/","og_site_name":"Clinicas Novastetic","article_modified_time":"2024-04-04T12:16:16+00:00","og_image":[{"width":800,"height":800,"url":"https:\/\/clinicasnovastetic.com\/wp-content\/uploads\/2024\/02\/MADEROTERAPIA.jpg","type":"image\/jpeg"}],"twitter_card":"summary_large_image","twitter_misc":{"Tiempo de lectura":"2 minutos"},"schema":{"@context":"https:\/\/schema.org","@graph":[{"@type":"WebPage","@id":"https:\/\/clinicasnovastetic.com\/index.php\/producto\/maderoterapia\/","url":"https:\/\/clinicasnovastetic.com\/index.php\/producto\/maderoterapia\/","name":"MADEROTERAPIA - Clinicas Novastetic","isPartOf":{"@id":"https:\/\/clinicasnovastetic.com\/#website"},"datePublished":"2024-02-12T03:23:37+00:00","dateModified":"2024-04-04T12:16:16+00:00","breadcrumb":{"@id":"https:\/\/clinicasnovastetic.com\/index.php\/producto\/maderoterapia\/#breadcrumb"},"inLanguage":"es","potentialAction":[{"@type":"ReadAction","target":["https:\/\/clinicasnovastetic.com\/index.php\/producto\/maderoterapia\/"]}]},{"@type":"BreadcrumbList","@id":"https:\/\/clinicasnovastetic.com\/index.php\/producto\/maderoterapia\/#breadcrumb","itemListElement":[{"@type":"ListItem","position":1,"name":"Portada","item":"https:\/\/clinicasnovastetic.com\/"},{"@type":"ListItem","position":2,"name":"Tienda","item":"https:\/\/clinicasnovastetic.com\/index.php\/tienda\/"},{"@type":"ListItem","position":3,"name":"MADEROTERAPIA"}]},{"@type":"WebSite","@id":"https:\/\/clinicasnovastetic.com\/#website","url":"https:\/\/clinicasnovastetic.com\/","name":"Clinicas Novastetic","description":"Medicina Est\u00e9tica Avanzada","potentialAction":[{"@type":"SearchAction","target":{"@type":"EntryPoint","urlTemplate":"https:\/\/clinicasnovastetic.com\/?s={search_term_string}"},"query-input":"required name=search_term_string"}],"inLanguage":"es"}]}},"_links":{"self":[{"href":"https:\/\/clinicasnovastetic.com\/index.php\/wp-json\/wp\/v2\/product\/605","targetHints":{"allow":["GET"]}}],"collection":[{"href":"https:\/\/clinicasnovastetic.com\/index.php\/wp-json\/wp\/v2\/product"}],"about":[{"href":"https:\/\/clinicasnovastetic.com\/index.php\/wp-json\/wp\/v2\/types\/product"}],"replies":[{"embeddable":true,"href":"https:\/\/clinicasnovastetic.com\/index.php\/wp-json\/wp\/v2\/comments?post=605"}],"wp:featuredmedia":[{"embeddable":true,"href":"https:\/\/clinicasnovastetic.com\/index.php\/wp-json\/wp\/v2\/media\/607"}],"wp:attachment":[{"href":"https:\/\/clinicasnovastetic.com\/index.php\/wp-json\/wp\/v2\/media?parent=605"}],"wp:term":[{"taxonomy":"product_cat","embeddable":true,"href":"https:\/\/clinicasnovastetic.com\/index.php\/wp-json\/wp\/v2\/product_cat?post=605"},{"taxonomy":"product_tag","embeddable":true,"href":"https:\/\/clinicasnovastetic.com\/index.php\/wp-json\/wp\/v2\/product_tag?post=605"}],"curies":[{"name":"wp","href":"https:\/\/api.w.org\/{rel}","templated":true}]}}