{"id":494,"date":"2024-02-09T17:27:11","date_gmt":"2024-02-09T17:27:11","guid":{"rendered":"https:\/\/clinicasnovastetic.com\/?post_type=product&#038;p=494"},"modified":"2024-04-23T17:59:01","modified_gmt":"2024-04-23T17:59:01","slug":"tratamiento-para-arrugas-2","status":"publish","type":"product","link":"https:\/\/clinicasnovastetic.com\/index.php\/producto\/tratamiento-para-arrugas-2\/","title":{"rendered":"TRATAMIENTO PARA ARRUGAS"},"content":{"rendered":"<p>[et_pb_section fb_built=\u00bb1&#8243; _builder_version=\u00bb4.16&#8243; custom_padding=\u00bb0px||||false|false\u00bb global_colors_info=\u00bb{}\u00bb][et_pb_row _builder_version=\u00bb4.16&#8243; background_size=\u00bbinitial\u00bb background_position=\u00bbtop_left\u00bb background_repeat=\u00bbrepeat\u00bb width=\u00bb100%\u00bb custom_padding=\u00bb0px||0px||false|false\u00bb global_colors_info=\u00bb{}\u00bb][et_pb_column type=\u00bb4_4&#8243; _builder_version=\u00bb4.16&#8243; custom_padding=\u00bb|||\u00bb global_colors_info=\u00bb{}\u00bb custom_padding__hover=\u00bb|||\u00bb][et_pb_wc_cart_notice _builder_version=\u00bb4.16&#8243; global_colors_info=\u00bb{}\u00bb][\/et_pb_wc_cart_notice][et_pb_wc_breadcrumb _builder_version=\u00bb4.24.0&#8243; body_font=\u00bbDM Serif Display|||on|||||\u00bb global_colors_info=\u00bb{}\u00bb][\/et_pb_wc_breadcrumb][\/et_pb_column][\/et_pb_row][et_pb_row _builder_version=\u00bb4.24.0&#8243; _module_preset=\u00bbdefault\u00bb custom_margin=\u00bb|auto||3px||\u00bb global_colors_info=\u00bb{}\u00bb][et_pb_column type=\u00bb4_4&#8243; _builder_version=\u00bb4.24.0&#8243; _module_preset=\u00bbdefault\u00bb global_colors_info=\u00bb{}\u00bb][et_pb_wc_title _builder_version=\u00bb4.24.0&#8243; header_font=\u00bbDM Serif Display||||||||\u00bb global_colors_info=\u00bb{}\u00bb][\/et_pb_wc_title][\/et_pb_column][\/et_pb_row][et_pb_row column_structure=\u00bb1_2,1_2&#8243; _builder_version=\u00bb4.16&#8243; background_size=\u00bbinitial\u00bb background_position=\u00bbtop_left\u00bb background_repeat=\u00bbrepeat\u00bb width=\u00bb100%\u00bb global_colors_info=\u00bb{}\u00bb][et_pb_column type=\u00bb1_2&#8243; _builder_version=\u00bb4.16&#8243; custom_padding=\u00bb|||\u00bb global_colors_info=\u00bb{}\u00bb custom_padding__hover=\u00bb|||\u00bb][et_pb_wc_images _builder_version=\u00bb4.16&#8243; global_colors_info=\u00bb{}\u00bb][\/et_pb_wc_images][\/et_pb_column][et_pb_column type=\u00bb1_2&#8243; _builder_version=\u00bb4.16&#8243; custom_padding=\u00bb|||\u00bb global_colors_info=\u00bb{}\u00bb custom_padding__hover=\u00bb|||\u00bb][et_pb_image src=\u00bbhttps:\/\/clinicasnovastetic.com\/wp-content\/uploads\/2024\/02\/FACIAL-2.jpg\u00bb title_text=\u00bbFACIAL-2&#8243; _builder_version=\u00bb4.24.0&#8243; _module_preset=\u00bbdefault\u00bb hover_enabled=\u00bb0&#8243; global_colors_info=\u00bb{}\u00bb sticky_enabled=\u00bb0&#8243;][\/et_pb_image][\/et_pb_column][\/et_pb_row][et_pb_row column_structure=\u00bb1_2,1_2&#8243; _builder_version=\u00bb4.16&#8243; background_size=\u00bbinitial\u00bb background_position=\u00bbtop_left\u00bb background_repeat=\u00bbrepeat\u00bb width=\u00bb100%\u00bb global_colors_info=\u00bb{}\u00bb][et_pb_column type=\u00bb1_2&#8243; _builder_version=\u00bb4.16&#8243; custom_padding=\u00bb|||\u00bb global_colors_info=\u00bb{}\u00bb custom_padding__hover=\u00bb|||\u00bb][et_pb_text _builder_version=\u00bb4.24.0&#8243; _module_preset=\u00bbdefault\u00bb text_font=\u00bbDM Serif Display|700||on|||||\u00bb text_text_color=\u00bb#000000&#8243; text_font_size=\u00bb20px\u00bb custom_margin=\u00bb||5px|||\u00bb global_colors_info=\u00bb{}\u00bb]<\/p>\n<p>\u00bfQu\u00e9 es?<\/p>\n<p>[\/et_pb_text][et_pb_text _builder_version=\u00bb4.24.0&#8243; _module_preset=\u00bbdefault\u00bb text_font_size=\u00bb18px\u00bb custom_margin=\u00bb-1px|||||\u00bb global_colors_info=\u00bb{}\u00bb]<\/p>\n<p>Tratamiento que se realiza con toxinas<br \/>purificadas que producen una relajaci\u00f3n<br \/>temporal del m\u00fasculo.<\/p>\n<p>[\/et_pb_text][et_pb_text _builder_version=\u00bb4.24.0&#8243; _module_preset=\u00bbdefault\u00bb text_font=\u00bbDM Serif Display|700||on|||||\u00bb text_text_color=\u00bb#000000&#8243; text_font_size=\u00bb20px\u00bb custom_margin=\u00bb||5px|||\u00bb global_colors_info=\u00bb{}\u00bb]<\/p>\n<p>\u00bfPara qu\u00e9 sirve?<\/p>\n<p>[\/et_pb_text][et_pb_text _builder_version=\u00bb4.24.0&#8243; _module_preset=\u00bbdefault\u00bb text_font_size=\u00bb18px\u00bb custom_margin=\u00bb-1px|||||\u00bb global_colors_info=\u00bb{}\u00bb]<\/p>\n<p>Se utilizan para suavizar arrugas en la cara<br \/>(frente, en el entrecejo y las patas de gallo)<\/p>\n<p>[\/et_pb_text][\/et_pb_column][et_pb_column type=\u00bb1_2&#8243; _builder_version=\u00bb4.16&#8243; custom_padding=\u00bb|||\u00bb global_colors_info=\u00bb{}\u00bb custom_padding__hover=\u00bb|||\u00bb][et_pb_blurb title=\u00bbTiempo del Procedimiento \u00bb use_icon=\u00bbon\u00bb font_icon=\u00bb&#xe06b;||divi||400&#8243; icon_color=\u00bb#B3913E\u00bb icon_placement=\u00bbleft\u00bb _builder_version=\u00bb4.24.0&#8243; _module_preset=\u00bbdefault\u00bb header_font=\u00bbDM Serif Display|700||on|||||\u00bb body_font=\u00bb|600|||||||\u00bb global_colors_info=\u00bb{}\u00bb]<\/p>\n<p><span style=\"font-weight: 400;\">Entre 15 y 20 minutos. <\/span><\/p>\n<p>[\/et_pb_blurb][et_pb_blurb title=\u00bbAnestesia \u00bb use_icon=\u00bbon\u00bb font_icon=\u00bb&#xf48e;||fa||900&#8243; icon_color=\u00bb#B3913E\u00bb icon_placement=\u00bbleft\u00bb _builder_version=\u00bb4.24.0&#8243; _module_preset=\u00bbdefault\u00bb header_font=\u00bbDM Serif Display|700||on|||||\u00bb body_font=\u00bb|600|||||||\u00bb global_colors_info=\u00bb{}\u00bb]<\/p>\n<p>No.<\/p>\n<p>[\/et_pb_blurb][et_pb_blurb title=\u00bbProducto \u00bb use_icon=\u00bbon\u00bb font_icon=\u00bb&#xf484;||fa||900&#8243; icon_color=\u00bb#B3913E\u00bb icon_placement=\u00bbleft\u00bb _builder_version=\u00bb4.24.0&#8243; _module_preset=\u00bbdefault\u00bb header_font=\u00bbDM Serif Display|700||on|||||\u00bb body_font=\u00bb|600|||||||\u00bb global_colors_info=\u00bb{}\u00bb]<\/p>\n<p>Toxina Botul\u00ednica.<\/p>\n<p>[\/et_pb_blurb][et_pb_blurb title=\u00bbrESULTADOS\u00bb use_icon=\u00bbon\u00bb font_icon=\u00bb&#xe05c;||fa||900&#8243; icon_color=\u00bb#B3913E\u00bb icon_placement=\u00bbleft\u00bb _builder_version=\u00bb4.24.0&#8243; _module_preset=\u00bbdefault\u00bb header_font=\u00bbDM Serif Display|700||on|||||\u00bb body_font=\u00bb|600|||||||\u00bb global_colors_info=\u00bb{}\u00bb]<\/p>\n<p>A partir de 72 horas, y alcanza su m\u00e1ximo<br \/>efecto progresivamente hasta los 15 d\u00edas<br \/>siguiente. Y pueden durar entre 4 y 6<br \/>meses<\/p>\n<p>[\/et_pb_blurb][et_pb_blurb title=\u00bbCuidados Pos-Tratamientos \u00bb use_icon=\u00bbon\u00bb font_icon=\u00bb&#xf0f0;||fa||900&#8243; icon_color=\u00bb#B3913E\u00bb icon_placement=\u00bbleft\u00bb _builder_version=\u00bb4.24.0&#8243; _module_preset=\u00bbdefault\u00bb header_font=\u00bbDM Serif Display|700||on|||||\u00bb body_font=\u00bb|600|||||||\u00bb global_colors_info=\u00bb{}\u00bb]<\/p>\n<p>Evitar tumbarse durante 4 horas. No realizar<br \/>deporte las primeras 24 horas. No usar cascos<br \/>de bicicletas o motos. Evitar saunas o altas<br \/>temperaturas.<\/p>\n<p>[\/et_pb_blurb][\/et_pb_column][\/et_pb_row][et_pb_row use_custom_gutter=\u00bbon\u00bb gutter_width=\u00bb2&#8243; _builder_version=\u00bb4.24.0&#8243; _module_preset=\u00bbdefault\u00bb width=\u00bb100%\u00bb max_width=\u00bb1300px\u00bb global_colors_info=\u00bb{}\u00bb][et_pb_column type=\u00bb4_4&#8243; _builder_version=\u00bb4.24.0&#8243; _module_preset=\u00bbdefault\u00bb global_colors_info=\u00bb{}\u00bb][et_pb_wc_upsells _builder_version=\u00bb4.16&#8243; global_colors_info=\u00bb{}\u00bb][\/et_pb_wc_upsells][et_pb_wc_related_products _builder_version=\u00bb4.24.0&#8243; title_font=\u00bb|700|||||||\u00bb title_font_size=\u00bb20px\u00bb product_title_font_size=\u00bb18px\u00bb global_colors_info=\u00bb{}\u00bb][\/et_pb_wc_related_products][\/et_pb_column][\/et_pb_row][\/et_pb_section]<\/p>\n","protected":false},"excerpt":{"rendered":"<p><b>\u00bfQu\u00e9 es?\u00a0<\/b><br \/>\n<span style=\"font-weight: 400;\">Es un procedimiento m\u00e9dico est\u00e9tico, que consiste en la introducci\u00f3n de \u00c1cido Hialur\u00f3nico en los labios para hidratar, dar vol\u00famen o perfilar su forma.\u00a0<\/span><br \/>\n<b>\u00bfPara qu\u00e9 sirve?\u00a0<\/b><br \/>\n<span style=\"font-weight: 400;\">Para mejorar el aspecto de los labios.<\/span><\/p>\n","protected":false},"featured_media":716,"comment_status":"closed","ping_status":"closed","template":"","meta":{"_et_pb_use_builder":"on","_et_pb_old_content":"","_et_gb_content_width":"","_joinchat":[]},"product_cat":[26,21],"product_tag":[],"class_list":{"0":"post-494","1":"product","2":"type-product","3":"status-publish","4":"has-post-thumbnail","6":"product_cat-no-medicos","7":"product_cat-tratamientos-faciales","9":"first","10":"instock","11":"shipping-taxable","12":"product-type-simple"},"yoast_head":"<!-- This site is optimized with the Yoast SEO plugin v21.9.1 - https:\/\/yoast.com\/wordpress\/plugins\/seo\/ -->\n<title>TRATAMIENTO PARA ARRUGAS - Clinicas Novastetic<\/title>\n<meta name=\"robots\" content=\"index, follow, max-snippet:-1, max-image-preview:large, max-video-preview:-1\" \/>\n<link rel=\"canonical\" href=\"https:\/\/clinicasnovastetic.com\/index.php\/producto\/tratamiento-para-arrugas-2\/\" \/>\n<meta property=\"og:locale\" content=\"es_ES\" \/>\n<meta property=\"og:type\" content=\"article\" \/>\n<meta property=\"og:title\" content=\"TRATAMIENTO PARA ARRUGAS - Clinicas Novastetic\" \/>\n<meta property=\"og:description\" content=\"\u00bfQu\u00e9 es?\u00a0 Es un procedimiento m\u00e9dico est\u00e9tico, que consiste en la introducci\u00f3n de \u00c1cido Hialur\u00f3nico en los labios para hidratar, dar vol\u00famen o perfilar su forma.\u00a0 \u00bfPara qu\u00e9 sirve?\u00a0 Para mejorar el aspecto de los labios.\" \/>\n<meta property=\"og:url\" content=\"https:\/\/clinicasnovastetic.com\/index.php\/producto\/tratamiento-para-arrugas-2\/\" \/>\n<meta property=\"og:site_name\" content=\"Clinicas Novastetic\" \/>\n<meta property=\"article:modified_time\" content=\"2024-04-23T17:59:01+00:00\" \/>\n<meta property=\"og:image\" content=\"https:\/\/clinicasnovastetic.com\/wp-content\/uploads\/2024\/02\/ANTIARRUGAS-TRATAMIENTO.jpg\" \/>\n\t<meta property=\"og:image:width\" content=\"800\" \/>\n\t<meta property=\"og:image:height\" content=\"800\" \/>\n\t<meta property=\"og:image:type\" content=\"image\/jpeg\" \/>\n<meta name=\"twitter:card\" content=\"summary_large_image\" \/>\n<meta name=\"twitter:label1\" content=\"Tiempo de lectura\" \/>\n\t<meta name=\"twitter:data1\" content=\"2 minutos\" \/>\n<script type=\"application\/ld+json\" class=\"yoast-schema-graph\">{\"@context\":\"https:\/\/schema.org\",\"@graph\":[{\"@type\":\"WebPage\",\"@id\":\"https:\/\/clinicasnovastetic.com\/index.php\/producto\/tratamiento-para-arrugas-2\/\",\"url\":\"https:\/\/clinicasnovastetic.com\/index.php\/producto\/tratamiento-para-arrugas-2\/\",\"name\":\"TRATAMIENTO PARA ARRUGAS - Clinicas Novastetic\",\"isPartOf\":{\"@id\":\"https:\/\/clinicasnovastetic.com\/#website\"},\"datePublished\":\"2024-02-09T17:27:11+00:00\",\"dateModified\":\"2024-04-23T17:59:01+00:00\",\"breadcrumb\":{\"@id\":\"https:\/\/clinicasnovastetic.com\/index.php\/producto\/tratamiento-para-arrugas-2\/#breadcrumb\"},\"inLanguage\":\"es\",\"potentialAction\":[{\"@type\":\"ReadAction\",\"target\":[\"https:\/\/clinicasnovastetic.com\/index.php\/producto\/tratamiento-para-arrugas-2\/\"]}]},{\"@type\":\"BreadcrumbList\",\"@id\":\"https:\/\/clinicasnovastetic.com\/index.php\/producto\/tratamiento-para-arrugas-2\/#breadcrumb\",\"itemListElement\":[{\"@type\":\"ListItem\",\"position\":1,\"name\":\"Portada\",\"item\":\"https:\/\/clinicasnovastetic.com\/\"},{\"@type\":\"ListItem\",\"position\":2,\"name\":\"Tienda\",\"item\":\"https:\/\/clinicasnovastetic.com\/index.php\/tienda\/\"},{\"@type\":\"ListItem\",\"position\":3,\"name\":\"TRATAMIENTO PARA ARRUGAS\"}]},{\"@type\":\"WebSite\",\"@id\":\"https:\/\/clinicasnovastetic.com\/#website\",\"url\":\"https:\/\/clinicasnovastetic.com\/\",\"name\":\"Clinicas Novastetic\",\"description\":\"Medicina Est\u00e9tica Avanzada\",\"potentialAction\":[{\"@type\":\"SearchAction\",\"target\":{\"@type\":\"EntryPoint\",\"urlTemplate\":\"https:\/\/clinicasnovastetic.com\/?s={search_term_string}\"},\"query-input\":\"required name=search_term_string\"}],\"inLanguage\":\"es\"}]}<\/script>\n<!-- \/ Yoast SEO plugin. -->","yoast_head_json":{"title":"TRATAMIENTO PARA ARRUGAS - Clinicas Novastetic","robots":{"index":"index","follow":"follow","max-snippet":"max-snippet:-1","max-image-preview":"max-image-preview:large","max-video-preview":"max-video-preview:-1"},"canonical":"https:\/\/clinicasnovastetic.com\/index.php\/producto\/tratamiento-para-arrugas-2\/","og_locale":"es_ES","og_type":"article","og_title":"TRATAMIENTO PARA ARRUGAS - Clinicas Novastetic","og_description":"\u00bfQu\u00e9 es?\u00a0 Es un procedimiento m\u00e9dico est\u00e9tico, que consiste en la introducci\u00f3n de \u00c1cido Hialur\u00f3nico en los labios para hidratar, dar vol\u00famen o perfilar su forma.\u00a0 \u00bfPara qu\u00e9 sirve?\u00a0 Para mejorar el aspecto de los labios.","og_url":"https:\/\/clinicasnovastetic.com\/index.php\/producto\/tratamiento-para-arrugas-2\/","og_site_name":"Clinicas Novastetic","article_modified_time":"2024-04-23T17:59:01+00:00","og_image":[{"width":800,"height":800,"url":"https:\/\/clinicasnovastetic.com\/wp-content\/uploads\/2024\/02\/ANTIARRUGAS-TRATAMIENTO.jpg","type":"image\/jpeg"}],"twitter_card":"summary_large_image","twitter_misc":{"Tiempo de lectura":"2 minutos"},"schema":{"@context":"https:\/\/schema.org","@graph":[{"@type":"WebPage","@id":"https:\/\/clinicasnovastetic.com\/index.php\/producto\/tratamiento-para-arrugas-2\/","url":"https:\/\/clinicasnovastetic.com\/index.php\/producto\/tratamiento-para-arrugas-2\/","name":"TRATAMIENTO PARA ARRUGAS - Clinicas Novastetic","isPartOf":{"@id":"https:\/\/clinicasnovastetic.com\/#website"},"datePublished":"2024-02-09T17:27:11+00:00","dateModified":"2024-04-23T17:59:01+00:00","breadcrumb":{"@id":"https:\/\/clinicasnovastetic.com\/index.php\/producto\/tratamiento-para-arrugas-2\/#breadcrumb"},"inLanguage":"es","potentialAction":[{"@type":"ReadAction","target":["https:\/\/clinicasnovastetic.com\/index.php\/producto\/tratamiento-para-arrugas-2\/"]}]},{"@type":"BreadcrumbList","@id":"https:\/\/clinicasnovastetic.com\/index.php\/producto\/tratamiento-para-arrugas-2\/#breadcrumb","itemListElement":[{"@type":"ListItem","position":1,"name":"Portada","item":"https:\/\/clinicasnovastetic.com\/"},{"@type":"ListItem","position":2,"name":"Tienda","item":"https:\/\/clinicasnovastetic.com\/index.php\/tienda\/"},{"@type":"ListItem","position":3,"name":"TRATAMIENTO PARA ARRUGAS"}]},{"@type":"WebSite","@id":"https:\/\/clinicasnovastetic.com\/#website","url":"https:\/\/clinicasnovastetic.com\/","name":"Clinicas Novastetic","description":"Medicina Est\u00e9tica Avanzada","potentialAction":[{"@type":"SearchAction","target":{"@type":"EntryPoint","urlTemplate":"https:\/\/clinicasnovastetic.com\/?s={search_term_string}"},"query-input":"required name=search_term_string"}],"inLanguage":"es"}]}},"_links":{"self":[{"href":"https:\/\/clinicasnovastetic.com\/index.php\/wp-json\/wp\/v2\/product\/494","targetHints":{"allow":["GET"]}}],"collection":[{"href":"https:\/\/clinicasnovastetic.com\/index.php\/wp-json\/wp\/v2\/product"}],"about":[{"href":"https:\/\/clinicasnovastetic.com\/index.php\/wp-json\/wp\/v2\/types\/product"}],"replies":[{"embeddable":true,"href":"https:\/\/clinicasnovastetic.com\/index.php\/wp-json\/wp\/v2\/comments?post=494"}],"wp:featuredmedia":[{"embeddable":true,"href":"https:\/\/clinicasnovastetic.com\/index.php\/wp-json\/wp\/v2\/media\/716"}],"wp:attachment":[{"href":"https:\/\/clinicasnovastetic.com\/index.php\/wp-json\/wp\/v2\/media?parent=494"}],"wp:term":[{"taxonomy":"product_cat","embeddable":true,"href":"https:\/\/clinicasnovastetic.com\/index.php\/wp-json\/wp\/v2\/product_cat?post=494"},{"taxonomy":"product_tag","embeddable":true,"href":"https:\/\/clinicasnovastetic.com\/index.php\/wp-json\/wp\/v2\/product_tag?post=494"}],"curies":[{"name":"wp","href":"https:\/\/api.w.org\/{rel}","templated":true}]}}