{"id":3,"date":"2024-01-17T17:42:29","date_gmt":"2024-01-17T17:42:29","guid":{"rendered":"https:\/\/clinicasnovastetic.com\/?page_id=3"},"modified":"2024-04-26T18:06:33","modified_gmt":"2024-04-26T18:06:33","slug":"politica-de-privacidad","status":"publish","type":"page","link":"https:\/\/clinicasnovastetic.com\/index.php\/politica-de-privacidad\/","title":{"rendered":"Pol\u00edtica de Privacidad"},"content":{"rendered":"[et_pb_section fb_built=\u00bb1&#8243; _builder_version=\u00bb4.16&#8243; global_colors_info=\u00bb{}\u00bb][et_pb_row _builder_version=\u00bb4.24.0&#8243; _module_preset=\u00bbdefault\u00bb global_colors_info=\u00bb{}\u00bb][et_pb_column type=\u00bb4_4&#8243; _builder_version=\u00bb4.24.0&#8243; _module_preset=\u00bbdefault\u00bb global_colors_info=\u00bb{}\u00bb][et_pb_image src=\u00bbhttps:\/\/clinicasnovastetic.com\/wp-content\/uploads\/2024\/01\/novastetic-clinica-logo.png\u00bb title_text=\u00bbnovastetic-clinica-logo\u00bb _builder_version=\u00bb4.24.0&#8243; _module_preset=\u00bbdefault\u00bb width=\u00bb35%\u00bb global_colors_info=\u00bb{}\u00bb][\/et_pb_image][\/et_pb_column][\/et_pb_row][et_pb_row _builder_version=\u00bb4.16&#8243; background_size=\u00bbinitial\u00bb background_position=\u00bbtop_left\u00bb background_repeat=\u00bbrepeat\u00bb global_colors_info=\u00bb{}\u00bb][et_pb_column type=\u00bb4_4&#8243; _builder_version=\u00bb4.16&#8243; custom_padding=\u00bb|||\u00bb global_colors_info=\u00bb{}\u00bb custom_padding__hover=\u00bb|||\u00bb][et_pb_text _builder_version=\u00bb4.24.0&#8243; text_font_size=\u00bb18px\u00bb background_size=\u00bbinitial\u00bb background_position=\u00bbtop_left\u00bb background_repeat=\u00bbrepeat\u00bb global_colors_info=\u00bb{}\u00bb]<p><b>Pol\u00edtica de Privacidad<\/b><\/p>\n<ol>\n<li><span style=\"font-weight: 400;\"> Informaci\u00f3n del responsable del tratamiento de los datos<\/span><\/li>\n<\/ol>\n<ul>\n<li style=\"font-weight: 400;\" aria-level=\"1\"><span style=\"font-weight: 400;\">Nombre de la empresa: Novastetic Global SL<\/span><\/li>\n<li style=\"font-weight: 400;\" aria-level=\"1\"><span style=\"font-weight: 400;\">Direcci\u00f3n: Calle Esp\u00edritu Santo 2, Calle Goya 30<\/span><\/li>\n<li style=\"font-weight: 400;\" aria-level=\"1\"><span style=\"font-weight: 400;\">Correo electr\u00f3nico de contacto: <\/span><span style=\"font-weight: 400;\">clinicasnovastetic@gmail.com<\/span><\/li>\n<li style=\"font-weight: 400;\" aria-level=\"1\"><span style=\"font-weight: 400;\">Tel\u00e9fono de contacto: 663467393<\/span><\/li>\n<li style=\"font-weight: 400;\" aria-level=\"1\"><span style=\"font-weight: 400;\">2. Finalidad del tratamiento de datos personales<\/span><\/li>\n<\/ul>\n<p><span style=\"font-weight: 400;\">En Cl\u00ednicas NovaStetic tratamos la informaci\u00f3n que nos facilitan las personas interesadas con el fin de gestionar la lista de suscriptores, enviar newsletters, promociones y ofertas especiales. Los datos proporcionados se conservar\u00e1n mientras no se solicite su supresi\u00f3n por el interesado. No se tomar\u00e1n decisiones automatizadas basadas en el perfil del usuario. Los datos no ser\u00e1n objeto de cesi\u00f3n a terceros salvo en los casos en que exista una obligaci\u00f3n legal.<\/span><\/p>\n<ol start=\"3\">\n<li><span style=\"font-weight: 400;\"> Legitimaci\u00f3n para el tratamiento de datos<\/span><\/li>\n<\/ol>\n<p><span style=\"font-weight: 400;\">El tratamiento de sus datos personales se realiza con las siguientes bases jur\u00eddicas que legitiman el mismo:<\/span><\/p>\n<ul>\n<li style=\"font-weight: 400;\" aria-level=\"1\"><span style=\"font-weight: 400;\">El consentimiento del interesado, otorgado en el momento de recoger sus datos personales.<\/span><\/li>\n<\/ul>\n<ol start=\"4\">\n<li><span style=\"font-weight: 400;\"> Derechos que asisten al Usuario<\/span><\/li>\n<\/ol>\n<p><span style=\"font-weight: 400;\">El Usuario tiene derecho a acceder a sus datos personales, rectificarlos o solicitar su supresi\u00f3n cuando los datos ya no sean necesarios para los fines que fueron recogidos. Tambi\u00e9n tienen derecho a la portabilidad de sus datos, a la limitaci\u00f3n y oposici\u00f3n a su tratamiento.<\/span><\/p>\n<ol start=\"5\">\n<li><span style=\"font-weight: 400;\"> Procedimiento de ejercicio de los derechos<\/span><\/li>\n<\/ol>\n<p><span style=\"font-weight: 400;\">Para ejercer sus derechos, los usuarios pueden enviar una comunicaci\u00f3n por escrito al domicilio social de Cl\u00ednicas NovaStetic o al correo electr\u00f3nico indicado en el apartado de informaci\u00f3n del responsable, incluyendo en ambos casos fotocopia de su DNI u otro documento identificativo similar.<\/span><\/p>\n<ol start=\"6\">\n<li><span style=\"font-weight: 400;\"> Medidas de seguridad<\/span><\/li>\n<\/ol>\n<p><span style=\"font-weight: 400;\">Cl\u00ednicas NovaStetic adopta las medidas de seguridad correspondientes para evitar el acceso no autorizado o la filtraci\u00f3n de datos de los usuarios. Nuestro compromiso es garantizar la seguridad y confidencialidad de sus datos.<\/span><\/p>\n<ol start=\"7\">\n<li><span style=\"font-weight: 400;\"> Cambios en la Pol\u00edtica de Privacidad<\/span><\/li>\n<\/ol>\n<p><span style=\"font-weight: 400;\">Cl\u00ednicas NovaStetic se reserva el derecho de modificar esta pol\u00edtica de privacidad para adaptarla a novedades legislativas o jurisprudenciales, as\u00ed como a pr\u00e1cticas del sector. En dichos supuestos, los cambios introducidos ser\u00e1n anunciados en esta p\u00e1gina con razonable antelaci\u00f3n a su puesta en pr\u00e1ctica.<\/span><\/p>\n<p><\/p>[\/et_pb_text][\/et_pb_column][\/et_pb_row][\/et_pb_section]","protected":false},"excerpt":{"rendered":"<p>Pol\u00edtica de Privacidad Informaci\u00f3n del responsable del tratamiento de los datos Nombre de la empresa: Novastetic Global SL Direcci\u00f3n: Calle Esp\u00edritu Santo 2, Calle Goya 30 Correo electr\u00f3nico de contacto: clinicasnovastetic@gmail.com Tel\u00e9fono de contacto: 663467393 2. Finalidad del tratamiento de datos personales En Cl\u00ednicas NovaStetic tratamos la informaci\u00f3n que nos facilitan las personas interesadas con [&hellip;]<\/p>\n","protected":false},"author":1,"featured_media":0,"parent":0,"menu_order":0,"comment_status":"closed","ping_status":"open","template":"","meta":{"_et_pb_use_builder":"on","_et_pb_old_content":"<!-- wp:heading -->\r\n<p><b>Pol\u00edtica de Privacidad<\/b><\/p>\r\n<ol>\r\n<li><span style=\"font-weight: 400;\"> Informaci\u00f3n del responsable del tratamiento de los datos<\/span><\/li>\r\n<\/ol>\r\n<ul>\r\n<li style=\"font-weight: 400;\" aria-level=\"1\"><span style=\"font-weight: 400;\">Nombre de la empresa: Novastetic Global SL<\/span><\/li>\r\n<li style=\"font-weight: 400;\" aria-level=\"1\"><span style=\"font-weight: 400;\">Direcci\u00f3n: Calle Esp\u00edritu Santo 2, Calle Goya 30<\/span><\/li>\r\n<li style=\"font-weight: 400;\" aria-level=\"1\"><span style=\"font-weight: 400;\">Correo electr\u00f3nico de contacto: <\/span><span style=\"font-weight: 400;\">clinicasnovastetic@gmail.com<\/span><\/li>\r\n<li style=\"font-weight: 400;\" aria-level=\"1\"><span style=\"font-weight: 400;\">Tel\u00e9fono de contacto: 663467393<\/span><\/li>\r\n<li style=\"font-weight: 400;\" aria-level=\"1\"><span style=\"font-weight: 400;\">2. Finalidad del tratamiento de datos personales<\/span><\/li>\r\n<\/ul>\r\n<p><span style=\"font-weight: 400;\">En Cl\u00ednicas NovaStetic tratamos la informaci\u00f3n que nos facilitan las personas interesadas con el fin de gestionar la lista de suscriptores, enviar newsletters, promociones y ofertas especiales. Los datos proporcionados se conservar\u00e1n mientras no se solicite su supresi\u00f3n por el interesado. No se tomar\u00e1n decisiones automatizadas basadas en el perfil del usuario. Los datos no ser\u00e1n objeto de cesi\u00f3n a terceros salvo en los casos en que exista una obligaci\u00f3n legal.<\/span><\/p>\r\n<ol start=\"3\">\r\n<li><span style=\"font-weight: 400;\"> Legitimaci\u00f3n para el tratamiento de datos<\/span><\/li>\r\n<\/ol>\r\n<p><span style=\"font-weight: 400;\">El tratamiento de sus datos personales se realiza con las siguientes bases jur\u00eddicas que legitiman el mismo:<\/span><\/p>\r\n<ul>\r\n<li style=\"font-weight: 400;\" aria-level=\"1\"><span style=\"font-weight: 400;\">El consentimiento del interesado, otorgado en el momento de recoger sus datos personales.<\/span><\/li>\r\n<\/ul>\r\n<ol start=\"4\">\r\n<li><span style=\"font-weight: 400;\"> Derechos que asisten al Usuario<\/span><\/li>\r\n<\/ol>\r\n<p><span style=\"font-weight: 400;\">El Usuario tiene derecho a acceder a sus datos personales, rectificarlos o solicitar su supresi\u00f3n cuando los datos ya no sean necesarios para los fines que fueron recogidos. Tambi\u00e9n tienen derecho a la portabilidad de sus datos, a la limitaci\u00f3n y oposici\u00f3n a su tratamiento.<\/span><\/p>\r\n<ol start=\"5\">\r\n<li><span style=\"font-weight: 400;\"> Procedimiento de ejercicio de los derechos<\/span><\/li>\r\n<\/ol>\r\n<p><span style=\"font-weight: 400;\">Para ejercer sus derechos, los usuarios pueden enviar una comunicaci\u00f3n por escrito al domicilio social de Cl\u00ednicas NovaStetic o al correo electr\u00f3nico indicado en el apartado de informaci\u00f3n del responsable, incluyendo en ambos casos fotocopia de su DNI u otro documento identificativo similar.<\/span><\/p>\r\n<ol start=\"6\">\r\n<li><span style=\"font-weight: 400;\"> Medidas de seguridad<\/span><\/li>\r\n<\/ol>\r\n<p><span style=\"font-weight: 400;\">Cl\u00ednicas NovaStetic adopta las medidas de seguridad correspondientes para evitar el acceso no autorizado o la filtraci\u00f3n de datos de los usuarios. Nuestro compromiso es garantizar la seguridad y confidencialidad de sus datos.<\/span><\/p>\r\n<ol start=\"7\">\r\n<li><span style=\"font-weight: 400;\"> Cambios en la Pol\u00edtica de Privacidad<\/span><\/li>\r\n<\/ol>\r\n<p><span style=\"font-weight: 400;\">Cl\u00ednicas NovaStetic se reserva el derecho de modificar esta pol\u00edtica de privacidad para adaptarla a novedades legislativas o jurisprudenciales, as\u00ed como a pr\u00e1cticas del sector. En dichos supuestos, los cambios introducidos ser\u00e1n anunciados en esta p\u00e1gina con razonable antelaci\u00f3n a su puesta en pr\u00e1ctica.<\/span><\/p>\r\n<!-- \/wp:paragraph -->","_et_gb_content_width":"","_joinchat":[],"footnotes":""},"class_list":["post-3","page","type-page","status-publish","hentry"],"yoast_head":"<!-- This site is optimized with the Yoast SEO plugin v21.9.1 - https:\/\/yoast.com\/wordpress\/plugins\/seo\/ -->\n<title>Pol\u00edtica de Privacidad - Clinicas Novastetic<\/title>\n<meta name=\"robots\" content=\"index, follow, max-snippet:-1, max-image-preview:large, max-video-preview:-1\" \/>\n<link rel=\"canonical\" href=\"https:\/\/clinicasnovastetic.com\/index.php\/politica-de-privacidad\/\" \/>\n<meta property=\"og:locale\" content=\"es_ES\" \/>\n<meta property=\"og:type\" content=\"article\" \/>\n<meta property=\"og:title\" content=\"Pol\u00edtica de Privacidad - Clinicas Novastetic\" \/>\n<meta property=\"og:description\" content=\"Pol\u00edtica de Privacidad Informaci\u00f3n del responsable del tratamiento de los datos Nombre de la empresa: Novastetic Global SL Direcci\u00f3n: Calle Esp\u00edritu Santo 2, Calle Goya 30 Correo electr\u00f3nico de contacto: clinicasnovastetic@gmail.com Tel\u00e9fono de contacto: 663467393 2. Finalidad del tratamiento de datos personales En Cl\u00ednicas NovaStetic tratamos la informaci\u00f3n que nos facilitan las personas interesadas con [&hellip;]\" \/>\n<meta property=\"og:url\" content=\"https:\/\/clinicasnovastetic.com\/index.php\/politica-de-privacidad\/\" \/>\n<meta property=\"og:site_name\" content=\"Clinicas Novastetic\" \/>\n<meta property=\"article:modified_time\" content=\"2024-04-26T18:06:33+00:00\" \/>\n<meta name=\"twitter:card\" content=\"summary_large_image\" \/>\n<meta name=\"twitter:label1\" content=\"Tiempo de lectura\" \/>\n\t<meta name=\"twitter:data1\" content=\"2 minutos\" \/>\n<script type=\"application\/ld+json\" class=\"yoast-schema-graph\">{\"@context\":\"https:\/\/schema.org\",\"@graph\":[{\"@type\":\"WebPage\",\"@id\":\"https:\/\/clinicasnovastetic.com\/index.php\/politica-de-privacidad\/\",\"url\":\"https:\/\/clinicasnovastetic.com\/index.php\/politica-de-privacidad\/\",\"name\":\"Pol\u00edtica de Privacidad - Clinicas Novastetic\",\"isPartOf\":{\"@id\":\"https:\/\/clinicasnovastetic.com\/#website\"},\"datePublished\":\"2024-01-17T17:42:29+00:00\",\"dateModified\":\"2024-04-26T18:06:33+00:00\",\"breadcrumb\":{\"@id\":\"https:\/\/clinicasnovastetic.com\/index.php\/politica-de-privacidad\/#breadcrumb\"},\"inLanguage\":\"es\",\"potentialAction\":[{\"@type\":\"ReadAction\",\"target\":[\"https:\/\/clinicasnovastetic.com\/index.php\/politica-de-privacidad\/\"]}]},{\"@type\":\"BreadcrumbList\",\"@id\":\"https:\/\/clinicasnovastetic.com\/index.php\/politica-de-privacidad\/#breadcrumb\",\"itemListElement\":[{\"@type\":\"ListItem\",\"position\":1,\"name\":\"Portada\",\"item\":\"https:\/\/clinicasnovastetic.com\/\"},{\"@type\":\"ListItem\",\"position\":2,\"name\":\"Pol\u00edtica de Privacidad\"}]},{\"@type\":\"WebSite\",\"@id\":\"https:\/\/clinicasnovastetic.com\/#website\",\"url\":\"https:\/\/clinicasnovastetic.com\/\",\"name\":\"Clinicas Novastetic\",\"description\":\"Medicina Est\u00e9tica Avanzada\",\"potentialAction\":[{\"@type\":\"SearchAction\",\"target\":{\"@type\":\"EntryPoint\",\"urlTemplate\":\"https:\/\/clinicasnovastetic.com\/?s={search_term_string}\"},\"query-input\":\"required name=search_term_string\"}],\"inLanguage\":\"es\"}]}<\/script>\n<!-- \/ Yoast SEO plugin. -->","yoast_head_json":{"title":"Pol\u00edtica de Privacidad - Clinicas Novastetic","robots":{"index":"index","follow":"follow","max-snippet":"max-snippet:-1","max-image-preview":"max-image-preview:large","max-video-preview":"max-video-preview:-1"},"canonical":"https:\/\/clinicasnovastetic.com\/index.php\/politica-de-privacidad\/","og_locale":"es_ES","og_type":"article","og_title":"Pol\u00edtica de Privacidad - Clinicas Novastetic","og_description":"Pol\u00edtica de Privacidad Informaci\u00f3n del responsable del tratamiento de los datos Nombre de la empresa: Novastetic Global SL Direcci\u00f3n: Calle Esp\u00edritu Santo 2, Calle Goya 30 Correo electr\u00f3nico de contacto: clinicasnovastetic@gmail.com Tel\u00e9fono de contacto: 663467393 2. Finalidad del tratamiento de datos personales En Cl\u00ednicas NovaStetic tratamos la informaci\u00f3n que nos facilitan las personas interesadas con [&hellip;]","og_url":"https:\/\/clinicasnovastetic.com\/index.php\/politica-de-privacidad\/","og_site_name":"Clinicas Novastetic","article_modified_time":"2024-04-26T18:06:33+00:00","twitter_card":"summary_large_image","twitter_misc":{"Tiempo de lectura":"2 minutos"},"schema":{"@context":"https:\/\/schema.org","@graph":[{"@type":"WebPage","@id":"https:\/\/clinicasnovastetic.com\/index.php\/politica-de-privacidad\/","url":"https:\/\/clinicasnovastetic.com\/index.php\/politica-de-privacidad\/","name":"Pol\u00edtica de Privacidad - Clinicas Novastetic","isPartOf":{"@id":"https:\/\/clinicasnovastetic.com\/#website"},"datePublished":"2024-01-17T17:42:29+00:00","dateModified":"2024-04-26T18:06:33+00:00","breadcrumb":{"@id":"https:\/\/clinicasnovastetic.com\/index.php\/politica-de-privacidad\/#breadcrumb"},"inLanguage":"es","potentialAction":[{"@type":"ReadAction","target":["https:\/\/clinicasnovastetic.com\/index.php\/politica-de-privacidad\/"]}]},{"@type":"BreadcrumbList","@id":"https:\/\/clinicasnovastetic.com\/index.php\/politica-de-privacidad\/#breadcrumb","itemListElement":[{"@type":"ListItem","position":1,"name":"Portada","item":"https:\/\/clinicasnovastetic.com\/"},{"@type":"ListItem","position":2,"name":"Pol\u00edtica de Privacidad"}]},{"@type":"WebSite","@id":"https:\/\/clinicasnovastetic.com\/#website","url":"https:\/\/clinicasnovastetic.com\/","name":"Clinicas Novastetic","description":"Medicina Est\u00e9tica Avanzada","potentialAction":[{"@type":"SearchAction","target":{"@type":"EntryPoint","urlTemplate":"https:\/\/clinicasnovastetic.com\/?s={search_term_string}"},"query-input":"required name=search_term_string"}],"inLanguage":"es"}]}},"_links":{"self":[{"href":"https:\/\/clinicasnovastetic.com\/index.php\/wp-json\/wp\/v2\/pages\/3","targetHints":{"allow":["GET"]}}],"collection":[{"href":"https:\/\/clinicasnovastetic.com\/index.php\/wp-json\/wp\/v2\/pages"}],"about":[{"href":"https:\/\/clinicasnovastetic.com\/index.php\/wp-json\/wp\/v2\/types\/page"}],"author":[{"embeddable":true,"href":"https:\/\/clinicasnovastetic.com\/index.php\/wp-json\/wp\/v2\/users\/1"}],"replies":[{"embeddable":true,"href":"https:\/\/clinicasnovastetic.com\/index.php\/wp-json\/wp\/v2\/comments?post=3"}],"version-history":[{"count":4,"href":"https:\/\/clinicasnovastetic.com\/index.php\/wp-json\/wp\/v2\/pages\/3\/revisions"}],"predecessor-version":[{"id":911,"href":"https:\/\/clinicasnovastetic.com\/index.php\/wp-json\/wp\/v2\/pages\/3\/revisions\/911"}],"wp:attachment":[{"href":"https:\/\/clinicasnovastetic.com\/index.php\/wp-json\/wp\/v2\/media?parent=3"}],"curies":[{"name":"wp","href":"https:\/\/api.w.org\/{rel}","templated":true}]}}